{"id":112,"date":"2022-04-25T17:10:50","date_gmt":"2022-04-25T17:10:50","guid":{"rendered":"http:\/\/myccapacitaciones.cl\/?page_id=112"},"modified":"2022-06-29T21:10:31","modified_gmt":"2022-06-29T21:10:31","slug":"nuestros-cursos","status":"publish","type":"page","link":"https:\/\/myccapacitaciones.cl\/?page_id=112","title":{"rendered":"CURSOS NACIONALES"},"content":{"rendered":"<p>[et_pb_section fb_built=\u00bb1&#8243; fullwidth=\u00bbon\u00bb _builder_version=\u00bb4.14.6&#8243; _module_preset=\u00bbdefault\u00bb background_position=\u00bbbottom_center\u00bb locked=\u00bboff\u00bb global_colors_info=\u00bb{}\u00bb][et_pb_fullwidth_slider _builder_version=\u00bb4.14.6&#8243; _module_preset=\u00bbdefault\u00bb link_option_url=\u00bbhttp:\/\/myccapacitaciones.cl\/?page_id=261&#038;et_fb=1&#038;PageSpeed=off\u00bb global_colors_info=\u00bb{}\u00bb][et_pb_slide heading=\u00bbCERTIFICACI\u00d3N NACIONAL\u00bb _builder_version=\u00bb4.14.6&#8243; _module_preset=\u00bbdefault\u00bb header_level=\u00bbh2&#8243; header_font=\u00bb|700|||||||\u00bb body_font=\u00bb|300|||||||\u00bb body_font_size=\u00bb17px\u00bb background_color=\u00bbRGBA(255,255,255,0)\u00bb background_enable_color=\u00bbon\u00bb background_image=\u00bbhttp:\/\/myccapacitaciones.cl\/wp-content\/uploads\/2022\/06\/Pediatrico-Lactante-1.png\u00bb background_enable_image=\u00bbon\u00bb background_position=\u00bbbottom_center\u00bb text_orientation=\u00bbcenter\u00bb global_colors_info=\u00bb{}\u00bb sticky_transition=\u00bbon\u00bb]<\/p>\n<p><span>Capacita con los mejores especialistas del \u00e1rea<\/span><\/p>\n<p>[\/et_pb_slide][et_pb_slide heading=\u00bbCERTIFICACI\u00d3N NACIONAL\u00bb _builder_version=\u00bb4.14.6&#8243; _module_preset=\u00bbdefault\u00bb header_font=\u00bb|700||on|||||\u00bb header_text_align=\u00bbcenter\u00bb body_font_size=\u00bb17px\u00bb background_image=\u00bbhttp:\/\/myccapacitaciones.cl\/wp-content\/uploads\/2022\/06\/capacitacion-boris-cancino.png\u00bb background_enable_image=\u00bbon\u00bb background_position=\u00bbbottom_center\u00bb global_colors_info=\u00bb{}\u00bb sticky_transition=\u00bbon\u00bb]<\/p>\n<p><span>PLANES PERSONALIZADOS PARA TU INSTITUCI\u00d3N<\/span><\/p>\n<p>[\/et_pb_slide][\/et_pb_fullwidth_slider][\/et_pb_section][et_pb_section fb_built=\u00bb1&#8243; admin_label=\u00bbProducts\u00bb _builder_version=\u00bb4.14.6&#8243; _module_preset=\u00bbdefault\u00bb background_color=\u00bb#0957a0&#8243; background_image=\u00bbhttp:\/\/myccapacitaciones.cl\/wp-content\/uploads\/2022\/06\/test-fondo_Mesa-de-trabajo-1-2.png\u00bb background_repeat=\u00bbrepeat\u00bb locked=\u00bboff\u00bb global_colors_info=\u00bb{}\u00bb][et_pb_row _builder_version=\u00bb4.14.8&#8243; _module_preset=\u00bbdefault\u00bb global_colors_info=\u00bb{}\u00bb][et_pb_column type=\u00bb4_4&#8243; _builder_version=\u00bb4.14.8&#8243; _module_preset=\u00bbdefault\u00bb global_colors_info=\u00bb{}\u00bb][et_pb_text _builder_version=\u00bb4.14.6&#8243; _module_preset=\u00bbdf96b77a-cd4f-44a8-a771-2d6347592b53&#8243; text_font=\u00bb|700|||||||\u00bb text_text_color=\u00bb#FFFFFF\u00bb text_font_size=\u00bb43px\u00bb header_2_font=\u00bbDM Serif Display||on||||||\u00bb header_2_text_color=\u00bb#000000&#8243; header_2_font_size=\u00bb48px\u00bb custom_margin=\u00bb||20px||false|false\u00bb header_2_font_size_tablet=\u00bb32px\u00bb header_2_font_size_phone=\u00bb20px\u00bb header_2_font_size_last_edited=\u00bbon|desktop\u00bb locked=\u00bboff\u00bb global_colors_info=\u00bb{}\u00bb]<\/p>\n<p>NUESTROS CURSOS NACIONALES<\/p>\n<p>[\/et_pb_text][\/et_pb_column][\/et_pb_row][et_pb_row column_structure=\u00bb1_4,1_4,1_4,1_4&#8243; use_custom_gutter=\u00bbon\u00bb gutter_width=\u00bb2&#8243; make_equal=\u00bbon\u00bb _builder_version=\u00bb4.14.6&#8243; _module_preset=\u00bbdefault\u00bb global_colors_info=\u00bb{}\u00bb][et_pb_column type=\u00bb1_4&#8243; _builder_version=\u00bb4.14.7&#8243; _module_preset=\u00bbdefault\u00bb global_colors_info=\u00bb{}\u00bb][et_pb_blurb title=\u00bbSVB + DEA LEY\u00bb url=\u00bbhttp:\/\/myccapacitaciones.cl\/?page_id=98&#8243; image=\u00bbhttp:\/\/myccapacitaciones.cl\/wp-content\/uploads\/2022\/06\/rcp.png\u00bb image_icon_width=\u00bb198%\u00bb content_max_width=\u00bb100%\u00bb _builder_version=\u00bb4.14.6&#8243; _module_preset=\u00bb58e41a12-d2dc-4bc3-82a3-e7e2a77a32bd\u00bb header_font=\u00bbDM Serif Display||||||||\u00bb header_text_color=\u00bb#000000&#8243; header_font_size=\u00bb17px\u00bb header_line_height=\u00bb1.2em\u00bb body_font=\u00bbArvo||||||||\u00bb body_text_color=\u00bb#303030&#8243; background_color=\u00bb#FFFFFF\u00bb text_orientation=\u00bbcenter\u00bb min_height=\u00bb315px\u00bb height=\u00bb320px\u00bb max_height=\u00bb323px\u00bb custom_margin=\u00bb|3px|10px|3px|false|false\u00bb animation=\u00bboff\u00bb border_radii=\u00bbon|20px|20px|20px|20px\u00bb global_colors_info=\u00bb{}\u00bb]<\/p>\n<p>Reanimaci\u00f3n Cardiopulmonar b\u00e1sica y uso de DEA en caso de emergencia, Ley 21.156.<\/p>\n<p>[\/et_pb_blurb][\/et_pb_column][et_pb_column type=\u00bb1_4&#8243; _builder_version=\u00bb4.14.7&#8243; _module_preset=\u00bbdefault\u00bb global_colors_info=\u00bb{}\u00bb][et_pb_blurb title=\u00bbSVB\u00bb url=\u00bbhttp:\/\/myccapacitaciones.cl\/?page_id=139&#8243; image=\u00bbhttp:\/\/myccapacitaciones.cl\/wp-content\/uploads\/2022\/04\/BG6.jpg\u00bb content_max_width=\u00bb100%\u00bb _builder_version=\u00bb4.14.6&#8243; _module_preset=\u00bb58e41a12-d2dc-4bc3-82a3-e7e2a77a32bd\u00bb header_font=\u00bbDM Serif Display||||||||\u00bb header_text_color=\u00bb#000000&#8243; header_font_size=\u00bb17px\u00bb header_line_height=\u00bb1.2em\u00bb body_font=\u00bbArvo||||||||\u00bb body_text_color=\u00bb#303030&#8243; background_color=\u00bb#FFFFFF\u00bb text_orientation=\u00bbcenter\u00bb min_height=\u00bb315px\u00bb height=\u00bb320px\u00bb max_height=\u00bb323px\u00bb custom_margin=\u00bb|3px|10px|3px|false|false\u00bb animation=\u00bboff\u00bb border_radii=\u00bbon|20px|20px|20px|20px\u00bb global_colors_info=\u00bb{}\u00bb]<\/p>\n<p>Reanimaci\u00f3n Cardiopulmonar B\u00e1sica adulto, pedi\u00e1trico y lactante con uso de DEA<\/p>\n<p>[\/et_pb_blurb][\/et_pb_column][et_pb_column type=\u00bb1_4&#8243; _builder_version=\u00bb4.14.7&#8243; _module_preset=\u00bbdefault\u00bb global_colors_info=\u00bb{}\u00bb][et_pb_blurb title=\u00bbSVCA\u00bb url=\u00bbhttp:\/\/myccapacitaciones.cl\/?page_id=149&#8243; image=\u00bbhttp:\/\/myccapacitaciones.cl\/wp-content\/uploads\/2022\/06\/ABUELO.png\u00bb content_max_width=\u00bb100%\u00bb _builder_version=\u00bb4.14.6&#8243; _module_preset=\u00bb58e41a12-d2dc-4bc3-82a3-e7e2a77a32bd\u00bb header_font=\u00bbDM Serif Display||||||||\u00bb header_text_color=\u00bb#000000&#8243; header_font_size=\u00bb17px\u00bb header_line_height=\u00bb1.2em\u00bb body_font=\u00bbArvo||||||||\u00bb body_text_color=\u00bb#303030&#8243; background_color=\u00bb#FFFFFF\u00bb text_orientation=\u00bbcenter\u00bb min_height=\u00bb315px\u00bb height=\u00bb320px\u00bb max_height=\u00bb323px\u00bb custom_margin=\u00bb|3px|10px|3px|false|false\u00bb animation=\u00bboff\u00bb border_radii=\u00bbon|20px|20px|20px|20px\u00bb global_colors_info=\u00bb{}\u00bb]<\/p>\n<p>Soporte vital Cardiopulmonar Avanzado Adulto<\/p>\n<p>[\/et_pb_blurb][\/et_pb_column][et_pb_column type=\u00bb1_4&#8243; _builder_version=\u00bb4.14.7&#8243; _module_preset=\u00bbdefault\u00bb global_colors_info=\u00bb{}\u00bb][et_pb_blurb title=\u00bbSVTI\u00bb url=\u00bbhttp:\/\/myccapacitaciones.cl\/?page_id=158&#8243; image=\u00bbhttp:\/\/myccapacitaciones.cl\/wp-content\/uploads\/2022\/04\/DIALISIS-scaled.jpg\u00bb content_max_width=\u00bb100%\u00bb _builder_version=\u00bb4.14.6&#8243; _module_preset=\u00bb58e41a12-d2dc-4bc3-82a3-e7e2a77a32bd\u00bb header_font=\u00bbDM Serif Display||||||||\u00bb header_text_color=\u00bb#000000&#8243; header_font_size=\u00bb17px\u00bb header_line_height=\u00bb1.2em\u00bb body_font=\u00bbArvo||||||||\u00bb body_text_color=\u00bb#303030&#8243; background_color=\u00bb#FFFFFF\u00bb text_orientation=\u00bbcenter\u00bb min_height=\u00bb315px\u00bb height=\u00bb320px\u00bb max_height=\u00bb323px\u00bb custom_margin=\u00bb|3px|10px|3px|false|false\u00bb animation=\u00bboff\u00bb border_radii=\u00bbon|20px|20px|20px|20px\u00bb global_colors_info=\u00bb{}\u00bb]<\/p>\n<p>Soporte vital en Trauma Intermedio<\/p>\n<p>[\/et_pb_blurb][\/et_pb_column][\/et_pb_row][et_pb_row column_structure=\u00bb1_4,1_4,1_4,1_4&#8243; use_custom_gutter=\u00bbon\u00bb gutter_width=\u00bb2&#8243; make_equal=\u00bbon\u00bb _builder_version=\u00bb4.14.6&#8243; _module_preset=\u00bbdefault\u00bb global_colors_info=\u00bb{}\u00bb][et_pb_column type=\u00bb1_4&#8243; _builder_version=\u00bb4.14.7&#8243; _module_preset=\u00bbdefault\u00bb global_colors_info=\u00bb{}\u00bb][et_pb_blurb title=\u00bbECC\u00bb image=\u00bbhttp:\/\/myccapacitaciones.cl\/wp-content\/uploads\/2022\/06\/doctor-examining-little-boy-with-ecg-holter-monito-2022-04-12-23-52-33-utc-scaled.jpg\u00bb image_icon_width=\u00bb100%\u00bb content_max_width=\u00bb100%\u00bb _builder_version=\u00bb4.14.6&#8243; _module_preset=\u00bb58e41a12-d2dc-4bc3-82a3-e7e2a77a32bd\u00bb header_font=\u00bbDM Serif Display||||||||\u00bb header_text_color=\u00bb#000000&#8243; header_font_size=\u00bb17px\u00bb header_line_height=\u00bb1.2em\u00bb body_font=\u00bbArvo||||||||\u00bb body_text_color=\u00bb#303030&#8243; background_color=\u00bb#FFFFFF\u00bb text_orientation=\u00bbcenter\u00bb min_height=\u00bb313px\u00bb height=\u00bb315px\u00bb max_height=\u00bb320px\u00bb custom_margin=\u00bb||10px||false|false\u00bb animation=\u00bboff\u00bb hover_enabled=\u00bb0&#8243; border_radii=\u00bbon|20px|20px|20px|20px\u00bb global_colors_info=\u00bb{}\u00bb sticky_enabled=\u00bb0&#8243;]<\/p>\n<p>Electrocardiograf\u00eda Cl\u00ednica<\/p>\n<p>[\/et_pb_blurb][\/et_pb_column][et_pb_column type=\u00bb1_4&#8243; _builder_version=\u00bb4.14.7&#8243; _module_preset=\u00bbdefault\u00bb global_colors_info=\u00bb{}\u00bb][et_pb_blurb title=\u00bbMVA\u00bb image=\u00bbhttp:\/\/myccapacitaciones.cl\/wp-content\/uploads\/2022\/06\/via-aerea2-1-e1655994250680.png\u00bb image_icon_width=\u00bb198%\u00bb content_max_width=\u00bb100%\u00bb _builder_version=\u00bb4.14.6&#8243; _module_preset=\u00bb58e41a12-d2dc-4bc3-82a3-e7e2a77a32bd\u00bb header_font=\u00bbDM Serif Display||||||||\u00bb header_text_color=\u00bb#000000&#8243; header_font_size=\u00bb17px\u00bb header_line_height=\u00bb1.2em\u00bb body_font=\u00bbArvo||||||||\u00bb body_text_color=\u00bb#303030&#8243; background_color=\u00bb#FFFFFF\u00bb text_orientation=\u00bbcenter\u00bb min_height=\u00bb313px\u00bb height=\u00bb315px\u00bb max_height=\u00bb320px\u00bb custom_margin=\u00bb||10px||false|false\u00bb animation=\u00bboff\u00bb hover_enabled=\u00bb0&#8243; border_radii=\u00bbon|20px|20px|20px|20px\u00bb global_colors_info=\u00bb{}\u00bb sticky_enabled=\u00bb0&#8243;]<\/p>\n<p>Manejo v\u00eda a\u00e9rea Avanzada<\/p>\n<p>[\/et_pb_blurb][\/et_pb_column][et_pb_column type=\u00bb1_4&#8243; _builder_version=\u00bb4.14.7&#8243; _module_preset=\u00bbdefault\u00bb global_colors_info=\u00bb{}\u00bb][et_pb_blurb title=\u00bbRNB\u00bb image=\u00bbhttp:\/\/myccapacitaciones.cl\/wp-content\/uploads\/2022\/06\/natal-ava.png\u00bb content_max_width=\u00bb100%\u00bb _builder_version=\u00bb4.14.6&#8243; _module_preset=\u00bb58e41a12-d2dc-4bc3-82a3-e7e2a77a32bd\u00bb header_font=\u00bbDM Serif Display||||||||\u00bb header_text_color=\u00bb#000000&#8243; header_font_size=\u00bb17px\u00bb header_line_height=\u00bb1.2em\u00bb body_font=\u00bbArvo||||||||\u00bb body_text_color=\u00bb#303030&#8243; background_color=\u00bb#FFFFFF\u00bb text_orientation=\u00bbcenter\u00bb min_height=\u00bb313px\u00bb height=\u00bb315px\u00bb max_height=\u00bb320px\u00bb custom_margin=\u00bb||10px||false|false\u00bb animation=\u00bboff\u00bb hover_enabled=\u00bb0&#8243; border_radii=\u00bbon|20px|20px|20px|20px\u00bb global_colors_info=\u00bb{}\u00bb sticky_enabled=\u00bb0&#8243;]<\/p>\n<p>Reanimaci\u00f3n neonatal b\u00e1sica<\/p>\n<p>[\/et_pb_blurb][\/et_pb_column][et_pb_column type=\u00bb1_4&#8243; _builder_version=\u00bb4.14.7&#8243; _module_preset=\u00bbdefault\u00bb global_colors_info=\u00bb{}\u00bb][et_pb_blurb title=\u00bbRNA\u00bb image=\u00bbhttp:\/\/myccapacitaciones.cl\/wp-content\/uploads\/2022\/06\/pediachure.png\u00bb content_max_width=\u00bb100%\u00bb _builder_version=\u00bb4.14.6&#8243; _module_preset=\u00bb58e41a12-d2dc-4bc3-82a3-e7e2a77a32bd\u00bb header_font=\u00bbDM Serif Display||||||||\u00bb header_text_color=\u00bb#000000&#8243; header_font_size=\u00bb17px\u00bb header_line_height=\u00bb1.2em\u00bb body_font=\u00bbArvo||||||||\u00bb body_text_color=\u00bb#303030&#8243; background_color=\u00bb#FFFFFF\u00bb text_orientation=\u00bbcenter\u00bb min_height=\u00bb313px\u00bb height=\u00bb315px\u00bb max_height=\u00bb320px\u00bb custom_margin=\u00bb||10px||false|false\u00bb animation=\u00bboff\u00bb hover_enabled=\u00bb0&#8243; border_radii=\u00bbon|20px|20px|20px|20px\u00bb global_colors_info=\u00bb{}\u00bb sticky_enabled=\u00bb0&#8243;]<\/p>\n<p>Reanimaci\u00f3n neonatal avanzada<\/p>\n<p>[\/et_pb_blurb][\/et_pb_column][\/et_pb_row][et_pb_row column_structure=\u00bb1_3,1_3,1_3&#8243; use_custom_gutter=\u00bbon\u00bb gutter_width=\u00bb2&#8243; make_equal=\u00bbon\u00bb _builder_version=\u00bb4.14.6&#8243; _module_preset=\u00bbdefault\u00bb module_alignment=\u00bbcenter\u00bb max_height=\u00bb273px\u00bb custom_margin=\u00bb||39px||false|false\u00bb custom_padding=\u00bb||0px||false|false\u00bb global_colors_info=\u00bb{}\u00bb][et_pb_column type=\u00bb1_3&#8243; _builder_version=\u00bb4.14.6&#8243; _module_preset=\u00bbdefault\u00bb global_colors_info=\u00bb{}\u00bb][et_pb_blurb title=\u00bbIAAS\u00bb image=\u00bbhttp:\/\/myccapacitaciones.cl\/wp-content\/uploads\/2022\/06\/viruses-and-red-blood-cells-viral-infection-di-2021-08-31-13-46-22-utc-scaled.jpg\u00bb image_icon_width=\u00bb198%\u00bb content_max_width=\u00bb100%\u00bb _builder_version=\u00bb4.14.6&#8243; _module_preset=\u00bb58e41a12-d2dc-4bc3-82a3-e7e2a77a32bd\u00bb header_font=\u00bbDM Serif Display||||||||\u00bb header_text_color=\u00bb#000000&#8243; header_font_size=\u00bb17px\u00bb header_line_height=\u00bb1.2em\u00bb body_font=\u00bbArvo||||||||\u00bb body_text_align=\u00bbcenter\u00bb body_text_color=\u00bb#303030&#8243; body_font_size=\u00bb17px\u00bb background_color=\u00bb#FFFFFF\u00bb text_orientation=\u00bbcenter\u00bb min_height=\u00bb333px\u00bb height=\u00bb315px\u00bb max_height=\u00bb320px\u00bb custom_margin=\u00bb|3px|10px|3px|false|false\u00bb animation=\u00bboff\u00bb hover_enabled=\u00bb0&#8243; border_radii=\u00bbon|20px|20px|20px|20px\u00bb global_colors_info=\u00bb{}\u00bb sticky_enabled=\u00bb0&#8243;]<\/p>\n<p>Infecciones asociadas atenci\u00f3n en salud<\/p>\n<p>[\/et_pb_blurb][\/et_pb_column][et_pb_column type=\u00bb1_3&#8243; _builder_version=\u00bb4.14.7&#8243; _module_preset=\u00bbdefault\u00bb global_colors_info=\u00bb{}\u00bb][et_pb_blurb title=\u00bbFCEP\u00bb image=\u00bbhttp:\/\/myccapacitaciones.cl\/wp-content\/uploads\/2022\/06\/6-scaled-e1655995175756.jpg\u00bb content_max_width=\u00bb100%\u00bb _builder_version=\u00bb4.14.6&#8243; _module_preset=\u00bb58e41a12-d2dc-4bc3-82a3-e7e2a77a32bd\u00bb header_font=\u00bbDM Serif Display||||||||\u00bb header_text_color=\u00bb#000000&#8243; header_font_size=\u00bb17px\u00bb header_line_height=\u00bb1.2em\u00bb body_font=\u00bbArvo||||||||\u00bb body_text_align=\u00bbcenter\u00bb body_text_color=\u00bb#303030&#8243; body_font_size=\u00bb17px\u00bb background_color=\u00bb#FFFFFF\u00bb text_orientation=\u00bbcenter\u00bb min_height=\u00bb333px\u00bb height=\u00bb315px\u00bb max_height=\u00bb320px\u00bb custom_margin=\u00bb||10px|3px|false|false\u00bb animation=\u00bboff\u00bb hover_enabled=\u00bb0&#8243; border_radii=\u00bbon|20px|20px|20px|20px\u00bb global_colors_info=\u00bb{}\u00bb sticky_enabled=\u00bb0&#8243;]<\/p>\n<p>Formaci\u00f3n de cuidadoras de enfermos y primeros auxilios<\/p>\n<p>[\/et_pb_blurb][\/et_pb_column][et_pb_column type=\u00bb1_3&#8243; _builder_version=\u00bb4.14.7&#8243; _module_preset=\u00bbdefault\u00bb global_colors_info=\u00bb{}\u00bb][et_pb_blurb title=\u00bbSTB\u00bb image=\u00bbhttp:\/\/myccapacitaciones.cl\/wp-content\/uploads\/2022\/06\/IMG_0870-e1655995020596.png\u00bb content_max_width=\u00bb100%\u00bb _builder_version=\u00bb4.14.6&#8243; _module_preset=\u00bb58e41a12-d2dc-4bc3-82a3-e7e2a77a32bd\u00bb header_font=\u00bbDM Serif Display||||||||\u00bb header_text_color=\u00bb#000000&#8243; header_font_size=\u00bb17px\u00bb header_line_height=\u00bb1.2em\u00bb body_font=\u00bbArvo||||||||\u00bb body_text_color=\u00bb#303030&#8243; background_color=\u00bb#FFFFFF\u00bb text_orientation=\u00bbcenter\u00bb min_height=\u00bb333px\u00bb height=\u00bb315px\u00bb max_height=\u00bb320px\u00bb custom_margin=\u00bb|3px|10px|3px|false|false\u00bb animation=\u00bboff\u00bb hover_enabled=\u00bb0&#8243; border_radii=\u00bbon|20px|20px|20px|20px\u00bb global_colors_info=\u00bb{}\u00bb sticky_enabled=\u00bb0&#8243;]<\/p>\n<p>Stop the Bleed<\/p>\n<p>[\/et_pb_blurb][\/et_pb_column][\/et_pb_row][\/et_pb_section]<\/p>\n","protected":false},"excerpt":{"rendered":"<p>Capacita con los mejores especialistas del \u00e1reaPLANES PERSONALIZADOS PARA TU INSTITUCI\u00d3NNUESTROS CURSOS NACIONALESReanimaci\u00f3n Cardiopulmonar b\u00e1sica y uso de DEA en caso de emergencia, Ley 21.156.Reanimaci\u00f3n Cardiopulmonar B\u00e1sica adulto, pedi\u00e1trico y lactante con uso de DEASoporte vital Cardiopulmonar Avanzado AdultoSoporte vital en Trauma IntermedioElectrocardiograf\u00eda Cl\u00ednicaManejo v\u00eda a\u00e9rea AvanzadaReanimaci\u00f3n neonatal b\u00e1sicaReanimaci\u00f3n neonatal avanzadaInfecciones asociadas atenci\u00f3n en saludFormaci\u00f3n [&hellip;]<\/p>\n","protected":false},"author":2,"featured_media":0,"parent":0,"menu_order":0,"comment_status":"closed","ping_status":"closed","template":"","meta":{"_et_pb_use_builder":"on","_et_pb_old_content":"","_et_gb_content_width":""},"_links":{"self":[{"href":"https:\/\/myccapacitaciones.cl\/index.php?rest_route=\/wp\/v2\/pages\/112"}],"collection":[{"href":"https:\/\/myccapacitaciones.cl\/index.php?rest_route=\/wp\/v2\/pages"}],"about":[{"href":"https:\/\/myccapacitaciones.cl\/index.php?rest_route=\/wp\/v2\/types\/page"}],"author":[{"embeddable":true,"href":"https:\/\/myccapacitaciones.cl\/index.php?rest_route=\/wp\/v2\/users\/2"}],"replies":[{"embeddable":true,"href":"https:\/\/myccapacitaciones.cl\/index.php?rest_route=%2Fwp%2Fv2%2Fcomments&post=112"}],"version-history":[{"count":19,"href":"https:\/\/myccapacitaciones.cl\/index.php?rest_route=\/wp\/v2\/pages\/112\/revisions"}],"predecessor-version":[{"id":566,"href":"https:\/\/myccapacitaciones.cl\/index.php?rest_route=\/wp\/v2\/pages\/112\/revisions\/566"}],"wp:attachment":[{"href":"https:\/\/myccapacitaciones.cl\/index.php?rest_route=%2Fwp%2Fv2%2Fmedia&parent=112"}],"curies":[{"name":"wp","href":"https:\/\/api.w.org\/{rel}","templated":true}]}}