{"id":20,"date":"2022-04-22T21:08:05","date_gmt":"2022-04-22T21:08:05","guid":{"rendered":"http:\/\/myccapacitaciones.cl\/?page_id=20"},"modified":"2023-04-03T16:28:33","modified_gmt":"2023-04-03T16:28:33","slug":"home-myc","status":"publish","type":"page","link":"https:\/\/myccapacitaciones.cl\/","title":{"rendered":"HOME MYC"},"content":{"rendered":"\n[et_pb_section fb_built=\u00bb1&#8243; fullwidth=\u00bbon\u00bb theme_builder_area=\u00bbpost_content\u00bb _builder_version=\u00bb4.14.6&#8243; _module_preset=\u00bbdefault\u00bb hover_enabled=\u00bb0&#8243; sticky_enabled=\u00bb0&#8243; custom_margin=\u00bb-14px||||false|false\u00bb bottom_divider_style=\u00bbcurve\u00bb bottom_divider_color=\u00bbrgba(6,66,163,0.66)\u00bb][et_pb_fullwidth_image _builder_version=\u00bb4.14.6&#8243; _module_preset=\u00bbdefault\u00bb theme_builder_area=\u00bbpost_content\u00bb title_text=\u00bbmyc\u00bb hover_enabled=\u00bb0&#8243; sticky_enabled=\u00bb0&#8243; background_video_mp4=\u00bbhttp:\/\/myccapacitaciones.cl\/wp-content\/uploads\/2022\/09\/myc.mp4&#8243; min_height=\u00bb703px\u00bb module_alignment=\u00bbright\u00bb][\/et_pb_fullwidth_image][\/et_pb_section][et_pb_section fb_built=\u00bb1&#8243; _builder_version=\u00bb4.14.6&#8243; _module_preset=\u00bbdefault\u00bb background_color=\u00bb#033d9b\u00bb hover_enabled=\u00bb0&#8243; global_colors_info=\u00bb{}\u00bb min_height=\u00bb594px\u00bb height=\u00bb683px\u00bb max_height=\u00bb737px\u00bb sticky_enabled=\u00bb0&#8243;][et_pb_row _builder_version=\u00bb4.14.6&#8243; _module_preset=\u00bbdefault\u00bb global_colors_info=\u00bb{}\u00bb][et_pb_column type=\u00bb4_4&#8243; _builder_version=\u00bb4.14.6&#8243; _module_preset=\u00bbdefault\u00bb global_colors_info=\u00bb{}\u00bb][et_pb_text _builder_version=\u00bb4.14.6&#8243; _module_preset=\u00bbdefault\u00bb text_font=\u00bb|700|||||||\u00bb text_text_color=\u00bb#FFFFFF\u00bb text_font_size=\u00bb38px\u00bb text_line_height=\u00bb1.1em\u00bb text_orientation=\u00bbcenter\u00bb global_colors_info=\u00bb{}\u00bb]<p>ESPECIALISTAS EN CAPACITACI\u00d3N<\/p>[\/et_pb_text][et_pb_text _builder_version=\u00bb4.14.6&#8243; _module_preset=\u00bbdefault\u00bb text_font=\u00bb|300|||||||\u00bb text_text_color=\u00bb#e8e8e8&#8243; text_orientation=\u00bbcenter\u00bb custom_margin=\u00bb||-3px||false|false\u00bb hover_enabled=\u00bb0&#8243; global_colors_info=\u00bb{}\u00bb sticky_enabled=\u00bb0&#8243;]<p>MYC es un Organismo T\u00e9cnico de capacitaci\u00f3n con m\u00e1s de 7 a\u00f1os de experiencia y cobertura nacional.<br \/>Mantenemos vigente nuestra certificaci\u00f3n de calidad para la mejora continua de nuestros procesos bajo la Norma NCh 2728:2015<br \/>Reconocidos por Franquicia Tributaria Sence, bajo el c\u00f3digo 1237969910.<\/p>[\/et_pb_text][\/et_pb_column][\/et_pb_row][et_pb_row column_structure=\u00bb1_3,1_3,1_3&#8243; _builder_version=\u00bb4.14.6&#8243; _module_preset=\u00bbdefault\u00bb width=\u00bb88%\u00bb module_alignment=\u00bbcenter\u00bb min_height=\u00bb322px\u00bb custom_margin=\u00bb||-72px||false|false\u00bb custom_padding=\u00bb4px||||false|false\u00bb global_colors_info=\u00bb{}\u00bb][et_pb_column type=\u00bb1_3&#8243; _builder_version=\u00bb4.14.6&#8243; _module_preset=\u00bbdefault\u00bb global_colors_info=\u00bb{}\u00bb][et_pb_image src=\u00bbhttp:\/\/myccapacitaciones.cl\/wp-content\/uploads\/2022\/04\/presencial_Mesa-de-trabajo-1-1024&#215;1024-1.png\u00bb title_text=\u00bbpresencial_Mesa-de-trabajo-1-1024&#215;1024&#8243; align=\u00bbcenter\u00bb _builder_version=\u00bb4.14.6&#8243; _module_preset=\u00bbdefault\u00bb width=\u00bb50%\u00bb custom_margin=\u00bb||-2px||false|false\u00bb global_colors_info=\u00bb{}\u00bb][\/et_pb_image][et_pb_text _builder_version=\u00bb4.14.6&#8243; _module_preset=\u00bbdefault\u00bb text_font=\u00bb|600|||||||\u00bb text_text_color=\u00bbrgba(255,255,255,0.61)\u00bb text_orientation=\u00bbcenter\u00bb custom_margin=\u00bb||-2px||false|false\u00bb custom_padding=\u00bb||0px||false|false\u00bb global_colors_info=\u00bb{}\u00bb]<p>PRESENCIAL<\/p>[\/et_pb_text][et_pb_text _builder_version=\u00bb4.14.6&#8243; _module_preset=\u00bbdefault\u00bb text_font=\u00bb|600|||||||\u00bb text_text_color=\u00bb#FFFFFF\u00bb text_font_size=\u00bb15px\u00bb text_orientation=\u00bbcenter\u00bb global_colors_info=\u00bb{}\u00bb]<p>Aprende con los mejores<\/p>[\/et_pb_text][\/et_pb_column][et_pb_column type=\u00bb1_3&#8243; _builder_version=\u00bb4.14.6&#8243; _module_preset=\u00bbdefault\u00bb global_colors_info=\u00bb{}\u00bb][et_pb_image src=\u00bbhttp:\/\/myccapacitaciones.cl\/wp-content\/uploads\/2022\/04\/b-learning_Mesa-de-trabajo-1-1024&#215;1024-1.png\u00bb title_text=\u00bbb-learning_Mesa-de-trabajo-1-1024&#215;1024&#8243; align=\u00bbcenter\u00bb _builder_version=\u00bb4.14.6&#8243; _module_preset=\u00bbdefault\u00bb width=\u00bb50%\u00bb custom_margin=\u00bb||-2px||false|false\u00bb global_colors_info=\u00bb{}\u00bb][\/et_pb_image][et_pb_text _builder_version=\u00bb4.14.6&#8243; _module_preset=\u00bbdefault\u00bb text_font=\u00bb|600|||||||\u00bb text_text_color=\u00bbrgba(255,255,255,0.61)\u00bb text_orientation=\u00bbcenter\u00bb custom_margin=\u00bb||-2px||false|false\u00bb global_colors_info=\u00bb{}\u00bb]<p>B-LEARNING<\/p>[\/et_pb_text][et_pb_text _builder_version=\u00bb4.14.6&#8243; _module_preset=\u00bbdefault\u00bb text_font=\u00bb|600|||||||\u00bb text_text_color=\u00bb#FFFFFF\u00bb text_font_size=\u00bb15px\u00bb text_orientation=\u00bbcenter\u00bb global_colors_info=\u00bb{}\u00bb]<p>Experiencia y comodidad<\/p>[\/et_pb_text][\/et_pb_column][et_pb_column type=\u00bb1_3&#8243; _builder_version=\u00bb4.14.6&#8243; _module_preset=\u00bbdefault\u00bb global_colors_info=\u00bb{}\u00bb][et_pb_image src=\u00bbhttp:\/\/myccapacitaciones.cl\/wp-content\/uploads\/2022\/04\/E-learning_Mesa-de-trabajo-1-1024&#215;1024-1.png\u00bb title_text=\u00bbE-learning_Mesa-de-trabajo-1-1024&#215;1024&#8243; align=\u00bbcenter\u00bb _builder_version=\u00bb4.14.6&#8243; _module_preset=\u00bbdefault\u00bb width=\u00bb50%\u00bb custom_margin=\u00bb||-2px||false|false\u00bb global_colors_info=\u00bb{}\u00bb][\/et_pb_image][et_pb_text _builder_version=\u00bb4.14.6&#8243; _module_preset=\u00bbdefault\u00bb text_font=\u00bb|600|||||||\u00bb text_text_color=\u00bbrgba(255,255,255,0.61)\u00bb text_orientation=\u00bbcenter\u00bb custom_margin=\u00bb||-2px||false|false\u00bb global_colors_info=\u00bb{}\u00bb]<p>E-LEARNING<\/p>[\/et_pb_text][et_pb_text _builder_version=\u00bb4.14.6&#8243; _module_preset=\u00bbdefault\u00bb text_font=\u00bb|600|||||||\u00bb text_text_color=\u00bb#FFFFFF\u00bb text_font_size=\u00bb15px\u00bb text_orientation=\u00bbcenter\u00bb global_colors_info=\u00bb{}\u00bb]<p>Aprende a tu ritmo<\/p>[\/et_pb_text][\/et_pb_column][\/et_pb_row][\/et_pb_section][et_pb_section fb_built=\u00bb1&#8243; fullwidth=\u00bbon\u00bb _builder_version=\u00bb4.14.6&#8243; _module_preset=\u00bbdefault\u00bb background_position=\u00bbbottom_center\u00bb hover_enabled=\u00bb0&#8243; global_colors_info=\u00bb{}\u00bb top_divider_style=\u00bbcurve\u00bb top_divider_color=\u00bbrgba(6,66,163,0.49)\u00bb sticky_enabled=\u00bb0&#8243; top_divider_height=\u00bb50px\u00bb top_divider_repeat=\u00bb1x\u00bb][et_pb_fullwidth_slider _builder_version=\u00bb4.14.6&#8243; _module_preset=\u00bbdefault\u00bb auto=\u00bbon\u00bb link_option_url=\u00bbhttp:\/\/myccapacitaciones.cl\/?page_id=261&#038;et_fb=1&#038;PageSpeed=off\u00bb hover_enabled=\u00bb0&#8243; global_colors_info=\u00bb{}\u00bb sticky_enabled=\u00bb0&#8243; custom_margin=\u00bb0px|||||\u00bb min_height=\u00bb704.4px\u00bb][et_pb_slide _builder_version=\u00bb4.14.6&#8243; _module_preset=\u00bbdefault\u00bb background_image=\u00bbhttp:\/\/myccapacitaciones.cl\/wp-content\/uploads\/2022\/06\/myc.png\u00bb background_enable_image=\u00bbon\u00bb global_colors_info=\u00bb{}\u00bb sticky_transition=\u00bbon\u00bb][\/et_pb_slide][et_pb_slide heading=\u00bbCERTIFICACI\u00d3N INTERNACIONAL NAEMT (NATIONAL ASSOCIATION OF EMERGENCY  MEDICAL TECHNICIANS)\u00bb _builder_version=\u00bb4.14.6&#8243; _module_preset=\u00bbdefault\u00bb header_level=\u00bbh2&#8243; header_font=\u00bb|700|||||||\u00bb body_font=\u00bb||||||||\u00bb body_font_size=\u00bb17px\u00bb background_image=\u00bbhttp:\/\/myccapacitaciones.cl\/wp-content\/uploads\/2022\/06\/phtls.png\u00bb background_enable_image=\u00bbon\u00bb text_orientation=\u00bbcenter\u00bb hover_enabled=\u00bb0&#8243; global_colors_info=\u00bb{}\u00bb sticky_transition=\u00bbon\u00bb title_text=\u00bbphtls\u00bb text_shadow_style=\u00bbpreset3&#8243; text_shadow_horizontal_length=\u00bb-0.14em\u00bb text_shadow_vertical_length=\u00bb0.13em\u00bb text_shadow_blur_strength=\u00bb0.99em\u00bb text_shadow_color=\u00bbrgba(0,0,0,0.92)\u00bb sticky_enabled=\u00bb0&#8243; body_text_shadow_style=\u00bbpreset3&#8243; body_text_shadow_blur_strength=\u00bb0.89em\u00bb body_text_shadow_color=\u00bbrgba(0,0,0,0.77)\u00bb parallax=\u00bbon\u00bb]<p><span>Mejora y capac\u00edtate junto a los mejores especialistas en el \u00e1rea, vive una experiencia de capacitaci\u00f3n inmersiva con una metodolog\u00eda cercana y amigable. <\/span><\/p>[\/et_pb_slide][et_pb_slide heading=\u00bbCERTIFICACI\u00d3N INTERNACIONAL AHA (American Heart Association)\u00bb _builder_version=\u00bb4.14.6&#8243; _module_preset=\u00bbdefault\u00bb header_font=\u00bb|700||on|||||\u00bb header_text_align=\u00bbcenter\u00bb body_font_size=\u00bb17px\u00bb background_image=\u00bbhttp:\/\/myccapacitaciones.cl\/wp-content\/uploads\/2022\/06\/IMG_0076-scaled.jpg\u00bb background_enable_image=\u00bbon\u00bb hover_enabled=\u00bb0&#8243; global_colors_info=\u00bb{}\u00bb sticky_transition=\u00bbon\u00bb title_text=\u00bbIMG_0076&#8243; parallax=\u00bbon\u00bb sticky_enabled=\u00bb0&#8243;]<p>Somos un Sitio del Centro de Entrenamientos AHA UVM<\/p>[\/et_pb_slide][et_pb_slide heading=\u00bbRCP + USO DE DEA PARA EL CUMPLIMIENTO DE LA LEY 21.156&#8243; _builder_version=\u00bb4.14.6&#8243; _module_preset=\u00bbdefault\u00bb header_font=\u00bb|700|||||||\u00bb body_font_size=\u00bb17px\u00bb background_image=\u00bbhttp:\/\/myccapacitaciones.cl\/wp-content\/uploads\/2022\/09\/IMG_0656.png\u00bb background_enable_image=\u00bbon\u00bb hover_enabled=\u00bb0&#8243; global_colors_info=\u00bb{}\u00bb sticky_transition=\u00bbon\u00bb text_shadow_style=\u00bbpreset3&#8243; sticky_enabled=\u00bb0&#8243; body_text_shadow_style=\u00bbpreset2&#8243; body_text_shadow_blur_strength=\u00bb0.13em\u00bb title_text=\u00bbIMG_0656&#8243; parallax=\u00bbon\u00bb]<p>Cardioprotege tu institucion y da un paso m\u00e1s hacia la seguridad organizacional de tu equipo<\/p>[\/et_pb_slide][\/et_pb_fullwidth_slider][\/et_pb_section][et_pb_section fb_built=\u00bb1&#8243; admin_label=\u00bbEvents\u00bb _builder_version=\u00bb4.14.6&#8243; _module_preset=\u00bbdefault\u00bb use_background_color_gradient=\u00bbon\u00bb background_color_gradient_start=\u00bb#0b39b7&#8243; background_color_gradient_end=\u00bb#0b39b7&#8243; background_color_gradient_direction=\u00bb90deg\u00bb background_color_gradient_start_position=\u00bb82%\u00bb background_color_gradient_end_position=\u00bb82%\u00bb hover_enabled=\u00bb0&#8243; global_colors_info=\u00bb{}\u00bb background_enable_image=\u00bboff\u00bb sticky_enabled=\u00bb0&#8243; min_height=\u00bb609px\u00bb height=\u00bb678px\u00bb][et_pb_row _builder_version=\u00bb4.14.6&#8243; _module_preset=\u00bbdefault\u00bb custom_margin=\u00bb-92px||||false|false\u00bb global_colors_info=\u00bb{}\u00bb][et_pb_column type=\u00bb4_4&#8243; _builder_version=\u00bb4.14.6&#8243; _module_preset=\u00bbdefault\u00bb custom_padding=\u00bb0px||||false|false\u00bb global_colors_info=\u00bb{}\u00bb][et_pb_divider _builder_version=\u00bb4.14.6&#8243; _module_preset=\u00bbdefault\u00bb background_color=\u00bb#E09900&#8243; module_alignment=\u00bbcenter\u00bb min_height=\u00bb20px\u00bb height=\u00bb20px\u00bb max_height=\u00bb20px\u00bb global_colors_info=\u00bb{}\u00bb][\/et_pb_divider][\/et_pb_column][\/et_pb_row][et_pb_row _builder_version=\u00bb4.10.6&#8243; _module_preset=\u00bbdefault\u00bb global_colors_info=\u00bb{}\u00bb][et_pb_column type=\u00bb4_4&#8243; _builder_version=\u00bb4.10.6&#8243; _module_preset=\u00bbdefault\u00bb global_colors_info=\u00bb{}\u00bb][et_pb_text _builder_version=\u00bb4.14.6&#8243; _module_preset=\u00bb003e9429-8e11-4d9e-968b-8881092bbf81&#8243; text_font=\u00bb|700|||||||\u00bb text_text_color=\u00bb#FFFFFF\u00bb text_font_size=\u00bb56px\u00bb header_font=\u00bbActor|700|||||||\u00bb header_text_align=\u00bbcenter\u00bb header_text_color=\u00bb#0C71C3&#8243; header_font_size=\u00bb49px\u00bb header_2_font=\u00bbRoboto|500|||||||\u00bb header_2_text_align=\u00bbcenter\u00bb header_2_text_color=\u00bb#000000&#8243; header_2_font_size=\u00bb40px\u00bb header_2_line_height=\u00bb1.2em\u00bb text_orientation=\u00bbcenter\u00bb hover_enabled=\u00bb0&#8243; header_2_font_size_tablet=\u00bb30px\u00bb header_2_font_size_phone=\u00bb20px\u00bb header_2_font_size_last_edited=\u00bbon|desktop\u00bb locked=\u00bboff\u00bb global_colors_info=\u00bb{}\u00bb sticky_enabled=\u00bb0&#8243;]<p>Noticias<\/p>[\/et_pb_text][\/et_pb_column][\/et_pb_row][et_pb_row column_structure=\u00bb1_3,1_3,1_3&#8243; _builder_version=\u00bb4.14.6&#8243; _module_preset=\u00bbdefault\u00bb background_enable_color=\u00bboff\u00bb animation_style=\u00bbflip\u00bb hover_enabled=\u00bb0&#8243; global_colors_info=\u00bb{}\u00bb sticky_enabled=\u00bb0&#8243; custom_padding=\u00bb|||0px||\u00bb custom_margin=\u00bb52px||||false|false\u00bb][et_pb_column type=\u00bb1_3&#8243; _builder_version=\u00bb4.14.6&#8243; _module_preset=\u00bbdefault\u00bb background_enable_image=\u00bboff\u00bb custom_padding_tablet=\u00bb|30px||30px|false|true\u00bb custom_padding_phone=\u00bb|20px||20px|false|true\u00bb custom_padding_last_edited=\u00bboff|desktop\u00bb hover_enabled=\u00bb0&#8243; global_colors_info=\u00bb{}\u00bb sticky_enabled=\u00bb0&#8243;][et_pb_image src=\u00bbhttp:\/\/myccapacitaciones.cl\/wp-content\/uploads\/2022\/09\/MYC-1.png\u00bb title_text=\u00bbMYC 1&#8243; show_bottom_space=\u00bboff\u00bb _builder_version=\u00bb4.14.6&#8243; _module_preset=\u00bbdefault\u00bb hover_enabled=\u00bb0&#8243; border_radii=\u00bbon|66px|66px|66px|66px\u00bb global_colors_info=\u00bb{}\u00bb sticky_enabled=\u00bb0&#8243;][\/et_pb_image][\/et_pb_column][et_pb_column type=\u00bb1_3&#8243; _builder_version=\u00bb4.10.6&#8243; _module_preset=\u00bbdefault\u00bb background_enable_image=\u00bboff\u00bb global_colors_info=\u00bb{}\u00bb][et_pb_image src=\u00bbhttp:\/\/myccapacitaciones.cl\/wp-content\/uploads\/2022\/09\/aysen.png\u00bb title_text=\u00bbaysen\u00bb show_bottom_space=\u00bboff\u00bb _builder_version=\u00bb4.14.6&#8243; _module_preset=\u00bbdefault\u00bb hover_enabled=\u00bb0&#8243; border_radii=\u00bbon|66px|66px|66px|66px\u00bb locked=\u00bboff\u00bb global_colors_info=\u00bb{}\u00bb border_radii__hover_enabled=\u00bbon|desktop\u00bb border_radii__hover=\u00bbon|66px|66px|66px|66px\u00bb sticky_enabled=\u00bb0&#8243;][\/et_pb_image][\/et_pb_column][et_pb_column type=\u00bb1_3&#8243; _builder_version=\u00bb4.10.6&#8243; _module_preset=\u00bbdefault\u00bb background_enable_image=\u00bboff\u00bb global_colors_info=\u00bb{}\u00bb][et_pb_image src=\u00bbhttp:\/\/myccapacitaciones.cl\/wp-content\/uploads\/2022\/09\/Aysen-2.png\u00bb title_text=\u00bbAysen 2&#8243; show_bottom_space=\u00bboff\u00bb _builder_version=\u00bb4.14.6&#8243; _module_preset=\u00bbdefault\u00bb hover_enabled=\u00bb0&#8243; border_radii=\u00bbon|66px|66px|66px|66px\u00bb locked=\u00bboff\u00bb global_colors_info=\u00bb{}\u00bb border_radii__hover_enabled=\u00bbon|desktop\u00bb border_radii__hover=\u00bbon|66px|66px|66px|66px\u00bb sticky_enabled=\u00bb0&#8243;][\/et_pb_image][\/et_pb_column][\/et_pb_row][\/et_pb_section][et_pb_section fb_built=\u00bb1&#8243; _builder_version=\u00bb4.14.6&#8243; _module_preset=\u00bbdefault\u00bb background_image=\u00bbhttp:\/\/myccapacitaciones.cl\/wp-content\/uploads\/2022\/06\/fodo-hoja_Mesa-de-trabajo-1.png\u00bb parallax=\u00bbon\u00bb global_colors_info=\u00bb{}\u00bb][et_pb_row _builder_version=\u00bb4.14.6&#8243; _module_preset=\u00bbdefault\u00bb custom_margin=\u00bb-92px||||false|false\u00bb global_colors_info=\u00bb{}\u00bb][et_pb_column type=\u00bb4_4&#8243; _builder_version=\u00bb4.14.6&#8243; _module_preset=\u00bbdefault\u00bb custom_padding=\u00bb0px||||false|false\u00bb global_colors_info=\u00bb{}\u00bb][et_pb_divider _builder_version=\u00bb4.14.6&#8243; _module_preset=\u00bbdefault\u00bb background_color=\u00bb#ff7700&#8243; module_alignment=\u00bbcenter\u00bb min_height=\u00bb20px\u00bb height=\u00bb20px\u00bb max_height=\u00bb20px\u00bb global_colors_info=\u00bb{}\u00bb][\/et_pb_divider][\/et_pb_column][\/et_pb_row][et_pb_row column_structure=\u00bb1_3,1_3,1_3&#8243; use_custom_gutter=\u00bbon\u00bb gutter_width=\u00bb1&#8243; make_equal=\u00bbon\u00bb _builder_version=\u00bb4.14.6&#8243; _module_preset=\u00bbdefault\u00bb width=\u00bb100%\u00bb max_width=\u00bb2560px\u00bb module_alignment=\u00bbcenter\u00bb min_height=\u00bb529px\u00bb height=\u00bb164px\u00bb max_height=\u00bb107px\u00bb custom_margin=\u00bb|||10px|false|false\u00bb custom_padding=\u00bb|10px||10px|false|false\u00bb hover_enabled=\u00bb0&#8243; global_colors_info=\u00bb{}\u00bb sticky_enabled=\u00bb0&#8243;][et_pb_column type=\u00bb1_3&#8243; _builder_version=\u00bb4.14.6&#8243; _module_preset=\u00bbdefault\u00bb background_color=\u00bbrgba(8,58,173,0)\u00bb custom_padding=\u00bb15px|10px|15px|10px|false|false\u00bb hover_enabled=\u00bb0&#8243; box_shadow_style=\u00bbpreset4&#8243; global_colors_info=\u00bb{}\u00bb sticky_enabled=\u00bb0&#8243;][et_pb_video _builder_version=\u00bb4.14.6&#8243; _module_preset=\u00bbdefault\u00bb src_webm=\u00bbhttp:\/\/myccapacitaciones.cl\/wp-content\/uploads\/2022\/09\/Ruben.mp4&#8243; title_text=\u00bbRuben\u00bb hover_enabled=\u00bb0&#8243; sticky_enabled=\u00bb0&#8243; width=\u00bb53%\u00bb max_width=\u00bb60%\u00bb min_height=\u00bb614px\u00bb module_alignment=\u00bbcenter\u00bb height=\u00bb654px\u00bb][\/et_pb_video][\/et_pb_column][et_pb_column type=\u00bb1_3&#8243; _builder_version=\u00bb4.14.6&#8243; _module_preset=\u00bbdefault\u00bb background_color=\u00bbrgba(242,121,0,0)\u00bb custom_padding=\u00bb15px||15px|10px|false|false\u00bb hover_enabled=\u00bb0&#8243; box_shadow_style=\u00bbpreset4&#8243; global_colors_info=\u00bb{}\u00bb sticky_enabled=\u00bb0&#8243;][et_pb_video _builder_version=\u00bb4.14.6&#8243; _module_preset=\u00bbdefault\u00bb src_webm=\u00bbhttp:\/\/myccapacitaciones.cl\/wp-content\/uploads\/2022\/09\/testimonio-enrique.mp4&#8243; title_text=\u00bbtestimonio enrique\u00bb hover_enabled=\u00bb0&#8243; sticky_enabled=\u00bb0&#8243; width=\u00bb53%\u00bb max_width=\u00bb60%\u00bb min_height=\u00bb614px\u00bb module_alignment=\u00bbcenter\u00bb height=\u00bb654px\u00bb][\/et_pb_video][\/et_pb_column][et_pb_column type=\u00bb1_3&#8243; _builder_version=\u00bb4.14.6&#8243; _module_preset=\u00bbdefault\u00bb background_color=\u00bbrgba(8,58,173,0)\u00bb custom_padding=\u00bb15px|10px|15px|10px|false|false\u00bb hover_enabled=\u00bb0&#8243; box_shadow_style=\u00bbpreset4&#8243; global_colors_info=\u00bb{}\u00bb sticky_enabled=\u00bb0&#8243;][et_pb_video _builder_version=\u00bb4.14.6&#8243; _module_preset=\u00bbdefault\u00bb src_webm=\u00bbhttp:\/\/myccapacitaciones.cl\/wp-content\/uploads\/2022\/09\/trstimonio-bruno-noreri.mp4&#8243; title_text=\u00bbtrstimonio bruno noreri\u00bb hover_enabled=\u00bb0&#8243; sticky_enabled=\u00bb0&#8243; width=\u00bb53%\u00bb max_width=\u00bb60%\u00bb min_height=\u00bb614px\u00bb module_alignment=\u00bbcenter\u00bb height=\u00bb654px\u00bb][\/et_pb_video][\/et_pb_column][\/et_pb_row][\/et_pb_section][et_pb_section fb_built=\u00bb1&#8243; admin_label=\u00bbFooter\u00bb _builder_version=\u00bb4.14.6&#8243; _module_preset=\u00bbdefault\u00bb background_color=\u00bb#FFFFFF\u00bb min_height=\u00bb300.1px\u00bb height=\u00bb338px\u00bb max_height=\u00bb624px\u00bb custom_margin=\u00bb||-107px||false|false\u00bb custom_margin_tablet=\u00bb||||false|false\u00bb custom_margin_phone=\u00bb135px||||false|false\u00bb custom_margin_last_edited=\u00bbon|phone\u00bb custom_padding=\u00bb||0px|||\u00bb saved_tabs=\u00bball\u00bb global_colors_info=\u00bb{}\u00bb][et_pb_row column_structure=\u00bb1_3,1_3,1_3&#8243; _builder_version=\u00bb4.14.6&#8243; _module_preset=\u00bbdefault\u00bb custom_margin=\u00bb0px|auto||auto|false|false\u00bb custom_padding=\u00bb13px||||false|false\u00bb global_colors_info=\u00bb{}\u00bb][et_pb_column type=\u00bb1_3&#8243; _builder_version=\u00bb4.10.6&#8243; _module_preset=\u00bbdefault\u00bb global_colors_info=\u00bb{}\u00bb][\/et_pb_column][et_pb_column type=\u00bb1_3&#8243; _builder_version=\u00bb4.10.6&#8243; _module_preset=\u00bbdefault\u00bb global_colors_info=\u00bb{}\u00bb][et_pb_image src=\u00bbhttp:\/\/myccapacitaciones.cl\/wp-content\/uploads\/2022\/04\/descarga.png\u00bb title_text=\u00bbdescarga\u00bb url=\u00bbhttps:\/\/wa.me\/\/56944491404&#8243; _builder_version=\u00bb4.14.6&#8243; _module_preset=\u00bbdefault\u00bb border_radii=\u00bbon|1412px|1412px|1412px|1412px\u00bb global_colors_info=\u00bb{}\u00bb][\/et_pb_image][\/et_pb_column][et_pb_column type=\u00bb1_3&#8243; _builder_version=\u00bb4.10.6&#8243; _module_preset=\u00bbdefault\u00bb global_colors_info=\u00bb{}\u00bb][\/et_pb_column][\/et_pb_row][\/et_pb_section][et_pb_section fb_built=\u00bb1&#8243; _builder_version=\u00bb4.14.6&#8243; _module_preset=\u00bbdefault\u00bb global_colors_info=\u00bb{}\u00bb][et_pb_row _builder_version=\u00bb4.14.6&#8243; _module_preset=\u00bbdefault\u00bb global_colors_info=\u00bb{}\u00bb][et_pb_column type=\u00bb4_4&#8243; _builder_version=\u00bb4.14.6&#8243; _module_preset=\u00bbdefault\u00bb global_colors_info=\u00bb{}\u00bb][et_pb_divider _builder_version=\u00bb4.14.6&#8243; _module_preset=\u00bbdefault\u00bb background_color=\u00bb#E09900&#8243; global_colors_info=\u00bb{}\u00bb][\/et_pb_divider][\/et_pb_column][\/et_pb_row][\/et_pb_section][et_pb_section fb_built=\u00bb1&#8243; _builder_version=\u00bb4.14.6&#8243; _module_preset=\u00bbdefault\u00bb min_height=\u00bb157px\u00bb height=\u00bb147px\u00bb max_height=\u00bb142px\u00bb custom_margin=\u00bb-118px||||false|false\u00bb global_colors_info=\u00bb{}\u00bb][et_pb_row _builder_version=\u00bb4.14.6&#8243; _module_preset=\u00bbdefault\u00bb width=\u00bb95%\u00bb max_width=\u00bb1607px\u00bb module_alignment=\u00bbcenter\u00bb min_height=\u00bb137px\u00bb height=\u00bb132px\u00bb max_height=\u00bb142px\u00bb global_colors_info=\u00bb{}\u00bb][et_pb_column type=\u00bb4_4&#8243; _builder_version=\u00bb4.14.6&#8243; _module_preset=\u00bbdefault\u00bb global_colors_info=\u00bb{}\u00bb][wdcl_logo_carousel _builder_version=\u00bb4.14.6&#8243; _module_preset=\u00bbdefault\u00bb min_height=\u00bb263px\u00bb height=\u00bb222px\u00bb max_height=\u00bb238px\u00bb custom_margin=\u00bb-30px||||false|false\u00bb global_colors_info=\u00bb{}\u00bb][wdcl_logo_carousel_child admin_title=\u00bbUVM\u00bb logo=\u00bbhttp:\/\/myccapacitaciones.cl\/wp-content\/uploads\/2022\/08\/UVM_nuevo_logo.png\u00bb _builder_version=\u00bb4.14.6&#8243; _module_preset=\u00bbdefault\u00bb transform_scale=\u00bb64%|64%\u00bb global_colors_info=\u00bb{}\u00bb][\/wdcl_logo_carousel_child][wdcl_logo_carousel_child admin_title=\u00bbnephrocare\u00bb logo=\u00bbhttp:\/\/myccapacitaciones.cl\/wp-content\/uploads\/2022\/08\/ee0a83283381103bed4edd49e7d988e8.jpeg\u00bb _builder_version=\u00bb4.14.6&#8243; _module_preset=\u00bbdefault\u00bb global_colors_info=\u00bb{}\u00bb][\/wdcl_logo_carousel_child][wdcl_logo_carousel_child admin_title=\u00bbFODEC\u00bb logo=\u00bbhttp:\/\/myccapacitaciones.cl\/wp-content\/uploads\/2022\/06\/fodec.png\u00bb _builder_version=\u00bb4.14.6&#8243; _module_preset=\u00bbdefault\u00bb global_colors_info=\u00bb{}\u00bb][\/wdcl_logo_carousel_child][wdcl_logo_carousel_child admin_title=\u00bbDEMRE\u00bb logo=\u00bbhttp:\/\/myccapacitaciones.cl\/wp-content\/uploads\/2022\/08\/logo-demre-2018-.png\u00bb logo_alt=\u00bbDEMRE\u00bb _builder_version=\u00bb4.14.6&#8243; _module_preset=\u00bbdefault\u00bb global_colors_info=\u00bb{}\u00bb][\/wdcl_logo_carousel_child][wdcl_logo_carousel_child admin_title=\u00bbSAGRADOS CORAZONES\u00bb logo=\u00bbhttp:\/\/myccapacitaciones.cl\/wp-content\/uploads\/2022\/06\/colegio.png\u00bb _builder_version=\u00bb4.14.6&#8243; _module_preset=\u00bbdefault\u00bb global_colors_info=\u00bb{}\u00bb][\/wdcl_logo_carousel_child][wdcl_logo_carousel_child admin_title=\u00bbCLINICA RE\u00d1ACA\u00bb logo=\u00bbhttp:\/\/myccapacitaciones.cl\/wp-content\/uploads\/2022\/08\/foto_0000002320161205174222-1.jpg\u00bb _builder_version=\u00bb4.14.6&#8243; _module_preset=\u00bbdefault\u00bb global_colors_info=\u00bb{}\u00bb][\/wdcl_logo_carousel_child][wdcl_logo_carousel_child admin_title=\u00bbCINEPOLIS\u00bb logo=\u00bbhttp:\/\/myccapacitaciones.cl\/wp-content\/uploads\/2022\/08\/cine.png\u00bb _builder_version=\u00bb4.14.6&#8243; _module_preset=\u00bbdefault\u00bb global_colors_info=\u00bb{}\u00bb][\/wdcl_logo_carousel_child][wdcl_logo_carousel_child admin_title=\u00bbSLEP DE ATACAMA\u00bb logo=\u00bbhttp:\/\/myccapacitaciones.cl\/wp-content\/uploads\/2022\/08\/Logotipo-Atacama-Web02.png\u00bb _builder_version=\u00bb4.14.6&#8243; _module_preset=\u00bbdefault\u00bb global_colors_info=\u00bb{}\u00bb][\/wdcl_logo_carousel_child][\/wdcl_logo_carousel][\/et_pb_column][\/et_pb_row][\/et_pb_section]\n","protected":false},"excerpt":{"rendered":"<p>ESPECIALISTAS EN CAPACITACI\u00d3NMYC es un Organismo T\u00e9cnico de capacitaci\u00f3n con m\u00e1s de 7 a\u00f1os de experiencia y cobertura nacional.Mantenemos vigente nuestra certificaci\u00f3n de calidad para la mejora continua de nuestros procesos bajo la Norma NCh 2728:2015Reconocidos por Franquicia Tributaria Sence, bajo el c\u00f3digo 1237969910.PRESENCIALAprende con los mejoresB-LEARNINGExperiencia y comodidadE-LEARNINGAprende a tu ritmoMejora y capac\u00edtate junto [&hellip;]<\/p>\n","protected":false},"author":2,"featured_media":0,"parent":0,"menu_order":0,"comment_status":"closed","ping_status":"closed","template":"","meta":{"_et_pb_use_builder":"on","_et_pb_old_content":"","_et_gb_content_width":""},"_links":{"self":[{"href":"https:\/\/myccapacitaciones.cl\/index.php?rest_route=\/wp\/v2\/pages\/20"}],"collection":[{"href":"https:\/\/myccapacitaciones.cl\/index.php?rest_route=\/wp\/v2\/pages"}],"about":[{"href":"https:\/\/myccapacitaciones.cl\/index.php?rest_route=\/wp\/v2\/types\/page"}],"author":[{"embeddable":true,"href":"https:\/\/myccapacitaciones.cl\/index.php?rest_route=\/wp\/v2\/users\/2"}],"replies":[{"embeddable":true,"href":"https:\/\/myccapacitaciones.cl\/index.php?rest_route=%2Fwp%2Fv2%2Fcomments&post=20"}],"version-history":[{"count":61,"href":"https:\/\/myccapacitaciones.cl\/index.php?rest_route=\/wp\/v2\/pages\/20\/revisions"}],"predecessor-version":[{"id":788,"href":"https:\/\/myccapacitaciones.cl\/index.php?rest_route=\/wp\/v2\/pages\/20\/revisions\/788"}],"wp:attachment":[{"href":"https:\/\/myccapacitaciones.cl\/index.php?rest_route=%2Fwp%2Fv2%2Fmedia&parent=20"}],"curies":[{"name":"wp","href":"https:\/\/api.w.org\/{rel}","templated":true}]}}