{"id":241,"date":"2022-05-03T16:01:02","date_gmt":"2022-05-03T16:01:02","guid":{"rendered":"http:\/\/myccapacitaciones.cl\/?page_id=241"},"modified":"2022-09-08T09:44:00","modified_gmt":"2022-09-08T09:44:00","slug":"nuestros-cursos-internacionales","status":"publish","type":"page","link":"https:\/\/myccapacitaciones.cl\/?page_id=241","title":{"rendered":"NUESTROS CURSOS"},"content":{"rendered":"<p>[et_pb_section fb_built=\u00bb1&#8243; _builder_version=\u00bb4.14.6&#8243; _module_preset=\u00bbdefault\u00bb hover_enabled=\u00bb0&#8243; global_colors_info=\u00bb{}\u00bb locked=\u00bboff\u00bb background_color=\u00bb#0b59ba\u00bb sticky_enabled=\u00bb0&#8243; custom_margin=\u00bb-16px||-7px||false|false\u00bb][et_pb_row _builder_version=\u00bb4.14.6&#8243; _module_preset=\u00bbdefault\u00bb min_height=\u00bb129px\u00bb height=\u00bb124px\u00bb max_height=\u00bb170px\u00bb custom_margin=\u00bb163px||-63px||false|false\u00bb custom_padding=\u00bb||0px||false|false\u00bb hover_enabled=\u00bb0&#8243; global_colors_info=\u00bb{}\u00bb sticky_enabled=\u00bb0&#8243;][et_pb_column type=\u00bb4_4&#8243; _builder_version=\u00bb4.14.6&#8243; _module_preset=\u00bbdefault\u00bb global_colors_info=\u00bb{}\u00bb][et_pb_text _builder_version=\u00bb4.14.6&#8243; _module_preset=\u00bbdefault\u00bb text_font=\u00bb|700|||||||\u00bb text_text_color=\u00bb#FFFFFF\u00bb text_font_size=\u00bb32px\u00bb text_orientation=\u00bbcenter\u00bb hover_enabled=\u00bb0&#8243; global_colors_info=\u00bb{}\u00bb sticky_enabled=\u00bb0&#8243;]<\/p>\n<p>CERTIFICACIONES INTERNACIONALES<\/p>\n<p>[\/et_pb_text][\/et_pb_column][\/et_pb_row][et_pb_row column_structure=\u00bb1_3,1_3,1_3&#8243; _builder_version=\u00bb4.14.6&#8243; _module_preset=\u00bbdefault\u00bb hover_enabled=\u00bb0&#8243; global_colors_info=\u00bb{}\u00bb custom_margin=\u00bb62px||||false|false\u00bb sticky_enabled=\u00bb0&#8243;][et_pb_column type=\u00bb1_3&#8243; _builder_version=\u00bb4.14.6&#8243; _module_preset=\u00bbdefault\u00bb link_option_url=\u00bb#NAEMT-CURSOS-LINKEO\u00bb global_colors_info=\u00bb{}\u00bb][et_pb_image src=\u00bbhttp:\/\/myccapacitaciones.cl\/wp-content\/uploads\/2022\/04\/naemt-training-center-logo.jpg\u00bb title_text=\u00bbnaemt-training-center-logo\u00bb align=\u00bbcenter\u00bb _builder_version=\u00bb4.14.6&#8243; _module_preset=\u00bbdefault\u00bb width=\u00bb62%\u00bb hover_enabled=\u00bb0&#8243; global_colors_info=\u00bb{}\u00bb sticky_enabled=\u00bb0&#8243; module_alignment=\u00bbcenter\u00bb custom_margin=\u00bb21px||||false|false\u00bb][\/et_pb_image][et_pb_text _builder_version=\u00bb4.14.6&#8243; _module_preset=\u00bbdefault\u00bb text_orientation=\u00bbcenter\u00bb hover_enabled=\u00bb0&#8243; global_colors_info=\u00bb{}\u00bb text_text_color=\u00bb#FFFFFF\u00bb sticky_enabled=\u00bb0&#8243;]<\/p>\n<p>A contar de 2022 somos un Centro de Entrenamiento de la National Association of Emergency Medical Technicians (NAEMT) y estamos acreditados para impartir los cursos PHTLS (PreHospital Trauma Life Support), AMLS (Advanced Medical Life Support), GEMS (Geriatric Education for EMS), AHDR (All Hazards Disaster Response) y EPC (Emergency Pediatric Care).<\/p>\n<p>[\/et_pb_text][\/et_pb_column][et_pb_column type=\u00bb1_3&#8243; _builder_version=\u00bb4.14.6&#8243; _module_preset=\u00bbdefault\u00bb link_option_url=\u00bb#AHA-CURSOS-LINKEO\u00bb global_colors_info=\u00bb{}\u00bb][et_pb_image src=\u00bbhttp:\/\/myccapacitaciones.cl\/wp-content\/uploads\/2022\/04\/Spanish-TS-Seal-Logo-2-pdf.jpg\u00bb title_text=\u00bbSpanish TS Seal Logo (2)\u00bb align=\u00bbcenter\u00bb _builder_version=\u00bb4.14.6&#8243; _module_preset=\u00bbdefault\u00bb width=\u00bb38%\u00bb global_colors_info=\u00bb{}\u00bb][\/et_pb_image][et_pb_text _builder_version=\u00bb4.14.6&#8243; _module_preset=\u00bbdefault\u00bb text_orientation=\u00bbcenter\u00bb custom_padding=\u00bb||0px|||\u00bb hover_enabled=\u00bb0&#8243; global_colors_info=\u00bb{}\u00bb text_text_color=\u00bb#FFFFFF\u00bb sticky_enabled=\u00bb0&#8243;]<\/p>\n<p>Desde 2022, M&amp;C es un sitio del Centro de Entrenamiento de la Universidad Vi\u00f1a del Mar del American Heart Association (AHA), acreditado para impartir y certificar los cursos BLS (Basic Life Support), ACLS (Advanced Cardiovascular Life Support) y PALS (Pediatric Advanced Life Support).<\/p>\n<p>[\/et_pb_text][\/et_pb_column][et_pb_column type=\u00bb1_3&#8243; _builder_version=\u00bb4.14.6&#8243; _module_preset=\u00bbdefault\u00bb link_option_url=\u00bb#AHA-CURSOS-LINKEO\u00bb global_colors_info=\u00bb{}\u00bb][et_pb_image src=\u00bbhttp:\/\/myccapacitaciones.cl\/wp-content\/uploads\/2022\/06\/12A-STOP-THE-BLEED.jpg\u00bb title_text=\u00bb12A-STOP-THE-BLEED\u00bb align=\u00bbcenter\u00bb _builder_version=\u00bb4.14.6&#8243; _module_preset=\u00bbdefault\u00bb width=\u00bb54%\u00bb custom_margin=\u00bb||1px|||\u00bb global_colors_info=\u00bb{}\u00bb][\/et_pb_image][et_pb_text _builder_version=\u00bb4.14.6&#8243; _module_preset=\u00bbdefault\u00bb text_orientation=\u00bbcenter\u00bb hover_enabled=\u00bb0&#8243; global_colors_info=\u00bb{}\u00bb text_text_color=\u00bb#FFFFFF\u00bb sticky_enabled=\u00bb0&#8243;]<\/p>\n<p>Desde 2022, M&amp;C es un sitio del Centro de Entrenamiento de la Universidad Vi\u00f1a del Mar del American Heart Association (AHA), acreditado para impartir y certificar los cursos BLS (Basic Life Support), ACLS (Advanced Cardiovascular Life Support) y PALS (Pediatric Advanced Life Support).<\/p>\n<p>[\/et_pb_text][\/et_pb_column][\/et_pb_row][\/et_pb_section][et_pb_section fb_built=\u00bb1&#8243; fullwidth=\u00bbon\u00bb _builder_version=\u00bb4.14.6&#8243; _module_preset=\u00bbdefault\u00bb hover_enabled=\u00bb0&#8243; global_colors_info=\u00bb{}\u00bb sticky_enabled=\u00bb0&#8243; min_height=\u00bb670px\u00bb height=\u00bb696px\u00bb][et_pb_fullwidth_slider _builder_version=\u00bb4.14.6&#8243; _module_preset=\u00bbdefault\u00bb hover_enabled=\u00bb0&#8243; global_colors_info=\u00bb{}\u00bb sticky_enabled=\u00bb0&#8243; min_height=\u00bb713.6px\u00bb][et_pb_slide heading=\u00bbCERTIFICACI\u00d3N INTERNACIONAL NAEMT\u00bb _builder_version=\u00bb4.14.6&#8243; _module_preset=\u00bbdefault\u00bb header_font=\u00bb|700|||||||\u00bb body_font=\u00bb||||||||\u00bb background_image=\u00bbhttp:\/\/myccapacitaciones.cl\/wp-content\/uploads\/2022\/06\/IMG_7664.png\u00bb background_enable_image=\u00bbon\u00bb hover_enabled=\u00bb0&#8243; global_colors_info=\u00bb{}\u00bb sticky_transition=\u00bbon\u00bb title_text=\u00bbIMG_7664&#8243; parallax=\u00bbon\u00bb sticky_enabled=\u00bb0&#8243; width=\u00bb100%\u00bb]<\/p>\n<p><span class=\"grammar correction\" data-type=\"grammar\" data-suggestions=\"[{&quot;value&quot;:&quot;Capac\u00edtate&quot;}]\" data-rule=\"VOSEO\" title=\"Forma correcta si se usa voseo. Si no, utilice una forma alternativa.\" data-word=\"Capacitate\">Capac\u00edtate<\/span><span> con los mejores especialistas en el \u00e1rea. Enfrenta el terreno prehospitalario con seguridad y experiencia<\/span><\/p>\n<p>[\/et_pb_slide][et_pb_slide heading=\u00bbCERTIFICACI\u00d3N INTERNACIONAL AHA\u00bb _builder_version=\u00bb4.14.6&#8243; _module_preset=\u00bbdefault\u00bb header_font=\u00bb|700|||||||\u00bb background_image=\u00bbhttp:\/\/myccapacitaciones.cl\/wp-content\/uploads\/2022\/06\/rcp.png\u00bb background_enable_image=\u00bbon\u00bb global_colors_info=\u00bb{}\u00bb sticky_transition=\u00bbon\u00bb title_text=\u00bbrcp\u00bb]<\/p>\n<p><span>Capac\u00edtate con los mejores especialistas en el \u00e1rea, certificate como un especialista en reanimaci\u00f3n cardiopulmonar <\/span><\/p>\n<p>[\/et_pb_slide][et_pb_slide heading=\u00bbCERTIFICACI\u00d3N INTERNACIONAL STB\u00bb _builder_version=\u00bb4.14.6&#8243; _module_preset=\u00bbdefault\u00bb header_font=\u00bb|700|||||||\u00bb background_image=\u00bbhttp:\/\/myccapacitaciones.cl\/wp-content\/uploads\/2022\/06\/IMG_0870-e1655995020596.png\u00bb background_enable_image=\u00bbon\u00bb hover_enabled=\u00bb0&#8243; global_colors_info=\u00bb{}\u00bb sticky_transition=\u00bbon\u00bb sticky_enabled=\u00bb0&#8243; title_text=\u00bbIMG_0870&#8243; background_position=\u00bbbottom_center\u00bb]<\/p>\n<p><span>Certificacion internacional Stop The Bleed, control de hemorragias que amenazan la vida\u00a0<\/span><\/p>\n<p>[\/et_pb_slide][\/et_pb_fullwidth_slider][\/et_pb_section][et_pb_section fb_built=\u00bb1&#8243; _builder_version=\u00bb4.14.6&#8243; _module_preset=\u00bbdefault\u00bb global_colors_info=\u00bb{}\u00bb][et_pb_row column_structure=\u00bb1_2,1_2&#8243; use_custom_gutter=\u00bbon\u00bb gutter_width=\u00bb2&#8243; make_equal=\u00bbon\u00bb _builder_version=\u00bb4.14.6&#8243; _module_preset=\u00bbdefault\u00bb locked=\u00bboff\u00bb global_colors_info=\u00bb{}\u00bb][et_pb_column type=\u00bb1_2&#8243; _builder_version=\u00bb4.14.6&#8243; _module_preset=\u00bbdefault\u00bb link_option_url=\u00bbNAEMT\u00bb global_colors_info=\u00bb{}\u00bb][et_pb_blurb title=\u00bbCURSOS NACIONALES\u00bb url=\u00bbhttp:\/\/myccapacitaciones.cl\/?page_id=112&#038;et_fb=1&#038;PageSpeed=off\u00bb image=\u00bbhttp:\/\/myccapacitaciones.cl\/wp-content\/uploads\/2022\/06\/chile.png\u00bb image_icon_width=\u00bb49%\u00bb content_max_width=\u00bb100%\u00bb _builder_version=\u00bb4.14.6&#8243; _module_preset=\u00bb58e41a12-d2dc-4bc3-82a3-e7e2a77a32bd\u00bb header_font=\u00bbDM Serif Display||||||||\u00bb header_text_color=\u00bb#000000&#8243; header_font_size=\u00bb17px\u00bb header_line_height=\u00bb1.2em\u00bb body_font=\u00bbAbel|700|||||||\u00bb body_text_color=\u00bb#303030&#8243; body_font_size=\u00bb19px\u00bb background_color=\u00bb#FFFFFF\u00bb text_orientation=\u00bbcenter\u00bb custom_margin=\u00bb||10px||false|false\u00bb animation=\u00bboff\u00bb border_radii=\u00bbon|20px|20px|20px|20px\u00bb global_colors_info=\u00bb{}\u00bb]<\/p>\n<p>CERTIFICADOS BAJO LA NORMA NCH 2728<\/p>\n<p>[\/et_pb_blurb][\/et_pb_column][et_pb_column type=\u00bb1_2&#8243; _builder_version=\u00bb4.14.7&#8243; _module_preset=\u00bbdefault\u00bb global_colors_info=\u00bb{}\u00bb][et_pb_blurb title=\u00bbCURSOS INTERNACIONALES\u00bb url=\u00bbhttp:\/\/myccapacitaciones.cl\/?page_id=261&#038;et_fb=1&#038;PageSpeed=off\u00bb image=\u00bbhttp:\/\/myccapacitaciones.cl\/wp-content\/uploads\/2022\/06\/internacional.png\u00bb image_icon_width=\u00bb49%\u00bb content_max_width=\u00bb100%\u00bb _builder_version=\u00bb4.14.6&#8243; _module_preset=\u00bb58e41a12-d2dc-4bc3-82a3-e7e2a77a32bd\u00bb header_font=\u00bbDM Serif Display||||||||\u00bb header_text_color=\u00bb#000000&#8243; header_font_size=\u00bb17px\u00bb header_line_height=\u00bb1.2em\u00bb body_font=\u00bbAbel|700|||||||\u00bb body_text_color=\u00bb#303030&#8243; body_font_size=\u00bb19px\u00bb background_color=\u00bb#FFFFFF\u00bb text_orientation=\u00bbcenter\u00bb custom_margin=\u00bb||10px||false|false\u00bb animation=\u00bboff\u00bb border_radii=\u00bbon|20px|20px|20px|20px\u00bb global_colors_info=\u00bb{}\u00bb]<\/p>\n<p>CERTIFICACI\u00d3N: NAEMT &#8211; AHA<\/p>\n<p>[\/et_pb_blurb][\/et_pb_column][\/et_pb_row][\/et_pb_section][et_pb_section fb_built=\u00bb1&#8243; _builder_version=\u00bb4.14.6&#8243; _module_preset=\u00bbdefault\u00bb background_color=\u00bb#0C71C3&#8243; background_enable_image=\u00bboff\u00bb min_height=\u00bb404.8px\u00bb custom_margin=\u00bb-2px||||false|false\u00bb custom_margin_tablet=\u00bb275px||||false|false\u00bb custom_margin_phone=\u00bb276px||||false|false\u00bb custom_margin_last_edited=\u00bbon|phone\u00bb custom_padding=\u00bb10px|||||\u00bb top_divider_flip_last_edited=\u00bboff|phone\u00bb top_divider_arrangement_tablet=\u00bb\u00bb top_divider_arrangement_phone=\u00bb\u00bb top_divider_arrangement_last_edited=\u00bbon|desktop\u00bb global_colors_info=\u00bb{}\u00bb locked=\u00bboff\u00bb][et_pb_row _builder_version=\u00bb4.14.6&#8243; _module_preset=\u00bbdefault\u00bb global_colors_info=\u00bb{}\u00bb][et_pb_column type=\u00bb4_4&#8243; _builder_version=\u00bb4.14.6&#8243; _module_preset=\u00bbdefault\u00bb global_colors_info=\u00bb{}\u00bb][et_pb_text _builder_version=\u00bb4.14.6&#8243; _module_preset=\u00bbdefault\u00bb text_font=\u00bb|700|||||||\u00bb text_text_color=\u00bb#FFFFFF\u00bb text_font_size=\u00bb61px\u00bb text_orientation=\u00bbcenter\u00bb text_font_size_tablet=\u00bb61px\u00bb text_font_size_phone=\u00bb44px\u00bb text_font_size_last_edited=\u00bbon|phone\u00bb text_letter_spacing_tablet=\u00bb\u00bb text_letter_spacing_phone=\u00bb2px\u00bb text_letter_spacing_last_edited=\u00bbon|phone\u00bb text_line_height_tablet=\u00bb\u00bb text_line_height_phone=\u00bb1.1em\u00bb text_line_height_last_edited=\u00bbon|phone\u00bb global_colors_info=\u00bb{}\u00bb]<\/p>\n<p>CONVENIOS Y MEDIOS DE PAGO<\/p>\n<p>[\/et_pb_text][\/et_pb_column][\/et_pb_row][et_pb_row column_structure=\u00bb1_3,1_3,1_3&#8243; use_custom_gutter=\u00bbon\u00bb gutter_width=\u00bb1&#8243; make_equal=\u00bbon\u00bb _builder_version=\u00bb4.14.6&#8243; _module_preset=\u00bbdefault\u00bb background_color=\u00bb#FFFFFF\u00bb width=\u00bb100%\u00bb max_width=\u00bb2560px\u00bb module_alignment=\u00bbcenter\u00bb min_height=\u00bb193px\u00bb height=\u00bb258px\u00bb max_height=\u00bb486px\u00bb custom_margin=\u00bb|||10px|false|false\u00bb custom_padding=\u00bb77px|10px|0px|10px|false|false\u00bb global_colors_info=\u00bb{}\u00bb][et_pb_column type=\u00bb1_3&#8243; _builder_version=\u00bb4.14.6&#8243; _module_preset=\u00bbdefault\u00bb background_color=\u00bbRGBA(255,255,255,0)\u00bb custom_padding=\u00bb15px|10px|15px|10px|false|false\u00bb global_colors_info=\u00bb{}\u00bb][et_pb_image src=\u00bbhttp:\/\/myccapacitaciones.cl\/wp-content\/uploads\/2022\/04\/logo-chilecompra-original-1.png\u00bb title_text=\u00bblogo-chilecompra-original (1)\u00bb align=\u00bbcenter\u00bb _builder_version=\u00bb4.14.6&#8243; _module_preset=\u00bbdefault\u00bb width=\u00bb64%\u00bb global_colors_info=\u00bb{}\u00bb][\/et_pb_image][\/et_pb_column][et_pb_column type=\u00bb1_3&#8243; _builder_version=\u00bb4.14.6&#8243; _module_preset=\u00bbdefault\u00bb background_color=\u00bbRGBA(255,255,255,0)\u00bb custom_padding=\u00bb15px||15px|10px|false|false\u00bb global_colors_info=\u00bb{}\u00bb][et_pb_image src=\u00bbhttp:\/\/myccapacitaciones.cl\/wp-content\/uploads\/2022\/04\/logo-sence.png\u00bb title_text=\u00bblogo-sence\u00bb align=\u00bbcenter\u00bb _builder_version=\u00bb4.14.6&#8243; _module_preset=\u00bbdefault\u00bb width=\u00bb43%\u00bb global_colors_info=\u00bb{}\u00bb][\/et_pb_image][\/et_pb_column][et_pb_column type=\u00bb1_3&#8243; _builder_version=\u00bb4.14.6&#8243; _module_preset=\u00bbdefault\u00bb background_color=\u00bbRGBA(255,255,255,0)\u00bb custom_padding=\u00bb15px|10px|15px|10px|false|false\u00bb global_colors_info=\u00bb{}\u00bb][et_pb_image src=\u00bbhttp:\/\/myccapacitaciones.cl\/wp-content\/uploads\/2022\/04\/mercado-pago-1024&#215;267-1.png\u00bb title_text=\u00bbmercado-pago-1024&#215;267&#8243; align=\u00bbcenter\u00bb _builder_version=\u00bb4.14.6&#8243; _module_preset=\u00bbdefault\u00bb width=\u00bb49%\u00bb global_colors_info=\u00bb{}\u00bb][\/et_pb_image][\/et_pb_column][\/et_pb_row][\/et_pb_section]<\/p>\n","protected":false},"excerpt":{"rendered":"<p>CERTIFICACIONES INTERNACIONALESA contar de 2022 somos un Centro de Entrenamiento de la National Association of Emergency Medical Technicians (NAEMT) y estamos acreditados para impartir los cursos PHTLS (PreHospital Trauma Life Support), AMLS (Advanced Medical Life Support), GEMS (Geriatric Education for EMS), AHDR (All Hazards Disaster Response) y EPC (Emergency Pediatric Care).Desde 2022, M&amp;C es un [&hellip;]<\/p>\n","protected":false},"author":2,"featured_media":0,"parent":0,"menu_order":0,"comment_status":"closed","ping_status":"closed","template":"","meta":{"_et_pb_use_builder":"on","_et_pb_old_content":"","_et_gb_content_width":""},"_links":{"self":[{"href":"https:\/\/myccapacitaciones.cl\/index.php?rest_route=\/wp\/v2\/pages\/241"}],"collection":[{"href":"https:\/\/myccapacitaciones.cl\/index.php?rest_route=\/wp\/v2\/pages"}],"about":[{"href":"https:\/\/myccapacitaciones.cl\/index.php?rest_route=\/wp\/v2\/types\/page"}],"author":[{"embeddable":true,"href":"https:\/\/myccapacitaciones.cl\/index.php?rest_route=\/wp\/v2\/users\/2"}],"replies":[{"embeddable":true,"href":"https:\/\/myccapacitaciones.cl\/index.php?rest_route=%2Fwp%2Fv2%2Fcomments&post=241"}],"version-history":[{"count":17,"href":"https:\/\/myccapacitaciones.cl\/index.php?rest_route=\/wp\/v2\/pages\/241\/revisions"}],"predecessor-version":[{"id":783,"href":"https:\/\/myccapacitaciones.cl\/index.php?rest_route=\/wp\/v2\/pages\/241\/revisions\/783"}],"wp:attachment":[{"href":"https:\/\/myccapacitaciones.cl\/index.php?rest_route=%2Fwp%2Fv2%2Fmedia&parent=241"}],"curies":[{"name":"wp","href":"https:\/\/api.w.org\/{rel}","templated":true}]}}